{"id":380,"date":"2020-06-01T11:47:46","date_gmt":"2020-06-01T11:47:46","guid":{"rendered":"http:\/\/localhost\/lineafamiliar\/?page_id=380"},"modified":"2023-03-27T21:52:27","modified_gmt":"2023-03-27T21:52:27","slug":"madres-y-padres","status":"publish","type":"page","link":"https:\/\/lineafamiliar.do\/ht\/madres-y-padres\/","title":{"rendered":"Manman ak papa"},"content":{"rendered":"<p>Nap mete a dispozisyon tout paran ak responsab timoun, yon seri de matery\u00e8l ki ka ede oryante nou sou t\u00e8m Koronaviris COVID-19.<\/p>\n<p>Lap p\u00e8m\u00e8t nou tou gen enf\u00f2masyon enp\u00f2tan sou kijan pou byen kominike ak pitit nou yo, lap p\u00e8m\u00e8t nou rekon\u00e8t reaksyon emosyonel ak konp\u00f2tman timoun e kijan pou nou byen trete yo.<\/p>\n<p>Ak enf\u00f2masyon sa, nap ka idantifye kil\u00e8 pitit nou an danje e kib\u00f2 nou ka jwenn \u00e8d.<\/p>\n<p>Nap espere matery\u00e8l sa a va ede nou anpil e nap envite nou tou pou nou pataje matery\u00e8l ent\u00e8raktif la ak pitit nou yo pou yo aprann sou Koronaviris, kijan pou proteje t\u00e8t yo, rekon\u00e8t santiman yo y kijan pou jere emosyon yo. Ki plis, tout moun nan fanmi nou ka pran plezi e ankouraje kominikasyon, afeksyon ak resp\u00e8.Nap mete a dispozisyon tout paran ak responsab timoun, yon seri de matery\u00e8l ki ka ede oryante nou sou t\u00e8m Koronaviris COVID-19. <\/p>\n<p>Lap p\u00e8m\u00e8t nou tou gen enf\u00f2masyon enp\u00f2tan sou kijan pou byen kominike ak pitit nou yo, lap p\u00e8m\u00e8t nou rekon\u00e8t reaksyon emosyonel ak konp\u00f2tman timoun e kijan pou nou byen trete yo.<\/p>\n<p>Ak enf\u00f2masyon sa, nap ka idantifye kil\u00e8 pitit nou an danje e kib\u00f2 nou ka jwenn \u00e8d.<\/p>\n<p>Nap espere matery\u00e8l sa a va ede nou anpil e nap envite nou tou pou nou pataje matery\u00e8l ent\u00e8raktif la ak pitit nou yo pou yo aprann sou Koronaviris, kijan pou proteje t\u00e8t yo, rekon\u00e8t santiman yo y kijan pou jere emosyon yo. Ki plis, tout moun nan fanmi nou ka pran plezi e ankouraje kominikasyon, afeksyon ak resp\u00e8.<\/p>","protected":false},"excerpt":{"rendered":"<p>Nap mete a dispozisyon tout paran ak responsab timoun, yon seri de matery\u00e8l ki ka ede oryante nou sou t\u00e8m Koronaviris COVID-19. Lap p\u00e8m\u00e8t nou tou gen enf\u00f2masyon enp\u00f2tan sou kijan pou [&hellip;]<\/p>\n","protected":false},"author":1,"featured_media":405,"parent":0,"menu_order":0,"comment_status":"closed","ping_status":"closed","template":"","meta":[],"_links":{"self":[{"href":"https:\/\/lineafamiliar.do\/ht\/wp-json\/wp\/v2\/pages\/380"}],"collection":[{"href":"https:\/\/lineafamiliar.do\/ht\/wp-json\/wp\/v2\/pages"}],"about":[{"href":"https:\/\/lineafamiliar.do\/ht\/wp-json\/wp\/v2\/types\/page"}],"author":[{"embeddable":true,"href":"https:\/\/lineafamiliar.do\/ht\/wp-json\/wp\/v2\/users\/1"}],"replies":[{"embeddable":true,"href":"https:\/\/lineafamiliar.do\/ht\/wp-json\/wp\/v2\/comments?post=380"}],"version-history":[{"count":10,"href":"https:\/\/lineafamiliar.do\/ht\/wp-json\/wp\/v2\/pages\/380\/revisions"}],"predecessor-version":[{"id":722,"href":"https:\/\/lineafamiliar.do\/ht\/wp-json\/wp\/v2\/pages\/380\/revisions\/722"}],"wp:featuredmedia":[{"embeddable":true,"href":"https:\/\/lineafamiliar.do\/ht\/wp-json\/wp\/v2\/media\/405"}],"wp:attachment":[{"href":"https:\/\/lineafamiliar.do\/ht\/wp-json\/wp\/v2\/media?parent=380"}],"curies":[{"name":"wp","href":"https:\/\/api.w.org\/{rel}","templated":true}]}}