{"id":376,"date":"2020-06-01T11:46:41","date_gmt":"2020-06-01T11:46:41","guid":{"rendered":"http:\/\/localhost\/lineafamiliar\/?page_id=376"},"modified":"2023-03-27T21:45:47","modified_gmt":"2023-03-27T21:45:47","slug":"conocenos","status":"publish","type":"page","link":"https:\/\/lineafamiliar.do\/ht\/conocenos\/","title":{"rendered":"Konnen noun"},"content":{"rendered":"<p>Nou se yon ekip pwofesyonel nan sante mantal apiye pa UNICEF ak api CODOPSI, nou ofri asistans sikolojik apre enpak konfinman pou pandemi kowonaviris la COVID-19. <\/p>\n<h3>Liy familyal<\/h3>\n<ul>\n<li>Li disponib chak jou epi li aksesib pou tout moun (fi, gason ak adolesan) nan Repiblik Dominik\u00e8n.<\/li>\n<li>Ou ka pale av\u00e8k nou an tout konfyans, sou nenp\u00f2t sij\u00e8 ou vle a.<\/li>\n<li>Nou pa pral pase ou l\u00f2d ni di w sa ou dwe f\u00e8.<\/li>\n<li>N\u2019ap tande sa wap di yo, epi n\u2019ap ede w jwenn solisyon.<\/li>\n<li>Chak jou nou sip\u00f2te moun ki nan sitiyasyon sa yo, konsa wap ka f\u00e8 nou konfyans.<\/li>\n<li>Ou ka kontakte nou nan nenp\u00f2t kil\u00e8 lajounen oubyen lannwit sou nimewo: <span class=\"red\">809-636-3507<\/span>. Nou ka rele tou pa WhatsApp.<\/li>\n<li>Ou kapab pale av\u00e8k nou sou sit ent\u00e8n\u00e8t <span class=\"red\">https:\/\/lineafamiliar.do\/ht\/<\/span> nou an, oswa, voye yon mesaj t\u00e8ks nan nimewo sa : 809-636-3507.<\/li>\n<li>Pa enkyete nou, tout sa ou w\u2019ap di\u2019n ap rete konfidansyel. <\/li>\n<\/ul>\n<p><\/p>","protected":false},"excerpt":{"rendered":"<p>Nou se yon ekip pwofesyonel nan sante mantal apiye pa UNICEF ak api CODOPSI, nou ofri asistans sikolojik apre enpak konfinman pou pandemi kowonaviris la COVID-19. Liy familyal Li disponib chak jou [&hellip;]<\/p>\n","protected":false},"author":1,"featured_media":402,"parent":0,"menu_order":0,"comment_status":"closed","ping_status":"closed","template":"","meta":[],"_links":{"self":[{"href":"https:\/\/lineafamiliar.do\/ht\/wp-json\/wp\/v2\/pages\/376"}],"collection":[{"href":"https:\/\/lineafamiliar.do\/ht\/wp-json\/wp\/v2\/pages"}],"about":[{"href":"https:\/\/lineafamiliar.do\/ht\/wp-json\/wp\/v2\/types\/page"}],"author":[{"embeddable":true,"href":"https:\/\/lineafamiliar.do\/ht\/wp-json\/wp\/v2\/users\/1"}],"replies":[{"embeddable":true,"href":"https:\/\/lineafamiliar.do\/ht\/wp-json\/wp\/v2\/comments?post=376"}],"version-history":[{"count":13,"href":"https:\/\/lineafamiliar.do\/ht\/wp-json\/wp\/v2\/pages\/376\/revisions"}],"predecessor-version":[{"id":719,"href":"https:\/\/lineafamiliar.do\/ht\/wp-json\/wp\/v2\/pages\/376\/revisions\/719"}],"wp:featuredmedia":[{"embeddable":true,"href":"https:\/\/lineafamiliar.do\/ht\/wp-json\/wp\/v2\/media\/402"}],"wp:attachment":[{"href":"https:\/\/lineafamiliar.do\/ht\/wp-json\/wp\/v2\/media?parent=376"}],"curies":[{"name":"wp","href":"https:\/\/api.w.org\/{rel}","templated":true}]}}